{"id":8310,"date":"2023-08-03T10:32:25","date_gmt":"2023-08-03T10:32:25","guid":{"rendered":"https:\/\/parmet.ee\/products\/paikesekaitse-susteemid\/"},"modified":"2024-04-01T06:26:47","modified_gmt":"2024-04-01T06:26:47","slug":"sun-protection-systems","status":"publish","type":"page","link":"https:\/\/parmet.ee\/en\/products\/sun-protection-systems\/","title":{"rendered":"Sun protection systems"},"content":{"rendered":"\t\t<div data-elementor-type=\"wp-page\" data-elementor-id=\"8310\" class=\"elementor elementor-8310\" data-elementor-post-type=\"page\">\n\t\t\t\t<div class=\"elementor-element elementor-element-42df094 e-con-full e-flex e-con e-parent\" data-id=\"42df094\" data-element_type=\"container\" data-e-type=\"container\" data-settings=\"{&quot;background_background&quot;:&quot;classic&quot;}\">\n\t\t<div class=\"elementor-element elementor-element-72e5b8b e-flex e-con-boxed e-con e-child\" data-id=\"72e5b8b\" data-element_type=\"container\" data-e-type=\"container\">\n\t\t\t\t\t<div class=\"e-con-inner\">\n\t\t\t\t<div class=\"elementor-element elementor-element-ae0c2d3 elementor-widget__width-initial elementor-invisible elementor-widget elementor-widget-heading\" data-id=\"ae0c2d3\" data-element_type=\"widget\" data-e-type=\"widget\" data-settings=\"{&quot;_animation&quot;:&quot;fadeIn&quot;}\" data-widget_type=\"heading.default\">\n\t\t\t\t<div class=\"elementor-widget-container\">\n\t\t\t\t\t<h1 class=\"elementor-heading-title elementor-size-default\">P\u00e4ikesekaitse s\u00fcsteemid<\/h1>\t\t\t\t<\/div>\n\t\t\t\t<\/div>\n\t\t\t\t\t<\/div>\n\t\t\t\t<\/div>\n\t\t\t\t<\/div>\n\t\t<div class=\"elementor-element elementor-element-7730287 e-flex e-con-boxed e-con e-parent\" data-id=\"7730287\" data-element_type=\"container\" data-e-type=\"container\">\n\t\t\t\t\t<div class=\"e-con-inner\">\n\t\t\t\t<div class=\"elementor-element elementor-element-33a209f elementor-align-center elementor-invisible elementor-widget elementor-widget-button\" data-id=\"33a209f\" data-element_type=\"widget\" data-e-type=\"widget\" data-settings=\"{&quot;_animation&quot;:&quot;fadeInDown&quot;}\" data-widget_type=\"button.default\">\n\t\t\t\t<div class=\"elementor-widget-container\">\n\t\t\t\t\t\t\t\t\t<div class=\"elementor-button-wrapper\">\n\t\t\t\t\t<a class=\"elementor-button elementor-button-link elementor-size-xl\" href=\"#main-top\">\n\t\t\t\t\t\t<span class=\"elementor-button-content-wrapper\">\n\t\t\t\t\t\t<span class=\"elementor-button-icon\">\n\t\t\t\t<i aria-hidden=\"true\" class=\"fas fa-arrow-down\"><\/i>\t\t\t<\/span>\n\t\t\t\t\t\t\t\t<\/span>\n\t\t\t\t\t<\/a>\n\t\t\t\t<\/div>\n\t\t\t\t\t\t\t\t<\/div>\n\t\t\t\t<\/div>\n\t\t\t\t\t<\/div>\n\t\t\t\t<\/div>\n\t\t<div class=\"elementor-element elementor-element-07d9b3d e-flex e-con-boxed e-con e-parent\" data-id=\"07d9b3d\" data-element_type=\"container\" data-e-type=\"container\">\n\t\t\t\t\t<div class=\"e-con-inner\">\n\t\t<div class=\"elementor-element elementor-element-05d3ad0 about-top e-flex e-con-boxed e-con e-child\" data-id=\"05d3ad0\" data-element_type=\"container\" data-e-type=\"container\" data-settings=\"{&quot;background_background&quot;:&quot;classic&quot;}\">\n\t\t\t\t\t<div class=\"e-con-inner\">\n\t\t\t\t<div class=\"elementor-element elementor-element-8833eb1 elementor-invisible elementor-widget elementor-widget-heading\" data-id=\"8833eb1\" data-element_type=\"widget\" data-e-type=\"widget\" data-settings=\"{&quot;_animation&quot;:&quot;fadeInUp&quot;}\" data-widget_type=\"heading.default\">\n\t\t\t\t<div class=\"elementor-widget-container\">\n\t\t\t\t\t<h2 class=\"elementor-heading-title elementor-size-default\">Laed<\/h2>\t\t\t\t<\/div>\n\t\t\t\t<\/div>\n\t\t\t\t<div class=\"elementor-element elementor-element-304e8f7 elementor-invisible elementor-widget elementor-widget-text-editor\" data-id=\"304e8f7\" data-element_type=\"widget\" data-e-type=\"widget\" data-settings=\"{&quot;_animation&quot;:&quot;fadeInUp&quot;}\" data-widget_type=\"text-editor.default\">\n\t\t\t\t<div class=\"elementor-widget-container\">\n\t\t\t\t\t\t\t\t\t<p>PARMET\u00ae toodab kvalitseetseid metallist ripplagesid. Meie tootevalikusse kuuluvad paneel-, kassett-, lamell-, v\u00f5rk- ja ka erilahendustega laed.<\/p>\n<p>Ripplaes\u00fcsteemid on kogu maailmas levinud k\u00f5rge kasutusmugavuse, pikaealisuse ja funktsionaalsuse poolest. Alumiinimist ripplaed on kerged , lihtsalt paigaldatavad ning tule- ja niiskuskindlad. Metallripplaed sobivad suurep\u00e4raselt kasutamiseks nii sise- kui ka v\u00e4listingimustes.<\/p>\n<p>Meie pakutavatel ripplaes\u00fcsteemidel on lai v\u00e4rvivalik, erinevad pinnakatted ja erinevad vormid. Samuti pakume erilahendusi vastavalt arhitekti ja sisekujundaja soovile.<\/p>\n\t\t\t\t\t\t\t\t<\/div>\n\t\t\t\t<\/div>\n\t\t\t\t\t<\/div>\n\t\t\t\t<\/div>\n\t\t\t\t\t<\/div>\n\t\t\t\t<\/div>\n\t\t<div class=\"elementor-element elementor-element-6327307 e-con-full e-flex e-con e-parent\" data-id=\"6327307\" data-element_type=\"container\" data-e-type=\"container\" data-settings=\"{&quot;background_background&quot;:&quot;classic&quot;}\">\n\t\t<div class=\"elementor-element elementor-element-eb6157c e-con-full e-flex e-con e-child\" data-id=\"eb6157c\" data-element_type=\"container\" data-e-type=\"container\" data-settings=\"{&quot;background_background&quot;:&quot;classic&quot;}\">\n\t\t\t\t<\/div>\n\t\t<div class=\"elementor-element elementor-element-504d53b e-con-full e-flex e-con e-child\" data-id=\"504d53b\" data-element_type=\"container\" data-e-type=\"container\">\n\t\t<div class=\"elementor-element elementor-element-ecf518a e-flex e-con-boxed elementor-invisible e-con e-child\" data-id=\"ecf518a\" data-element_type=\"container\" data-e-type=\"container\" data-settings=\"{&quot;animation&quot;:&quot;fadeInUp&quot;}\">\n\t\t\t\t\t<div class=\"e-con-inner\">\n\t\t\t\t<div class=\"elementor-element elementor-element-3edf190 elementor-widget-tablet__width-inherit elementor-widget elementor-widget-heading\" data-id=\"3edf190\" data-element_type=\"widget\" data-e-type=\"widget\" data-widget_type=\"heading.default\">\n\t\t\t\t<div class=\"elementor-widget-container\">\n\t\t\t\t\t<h3 class=\"elementor-heading-title elementor-size-default\">V\u00f5rklaed<\/h3>\t\t\t\t<\/div>\n\t\t\t\t<\/div>\n\t\t\t\t<div class=\"elementor-element elementor-element-b231eac elementor-widget elementor-widget-text-editor\" data-id=\"b231eac\" data-element_type=\"widget\" data-e-type=\"widget\" data-widget_type=\"text-editor.default\">\n\t\t\t\t<div class=\"elementor-widget-container\">\n\t\t\t\t\t\t\t\t\t<p>Pakume erinevates m\u00f5\u00f5tudes v\u00f5rgust lagesid vastavalt tellija soovidele. Kasutame erinevate mustritega ja v\u00e4rvides punutud, keevis- ja ka t\u00f5mmatud v\u00f5rku. V\u00f5rk v\u00f5ib olla valmistatud terasest, roostevabast terasest v\u00f5i alumiiniumist.<\/p>\n<p>Metallv\u00f5rgust laed on kaasaegse v\u00e4limusega, \u00f5hulised ning mitmek\u00fclgsed. Lae taha on v\u00f5imalik lisada valgusteid, mis lisavad laele efektsust.<\/p>\n\t\t\t\t\t\t\t\t<\/div>\n\t\t\t\t<\/div>\n\t\t\t\t\t<\/div>\n\t\t\t\t<\/div>\n\t\t\t\t<\/div>\n\t\t\t\t<\/div>\n\t\t<div class=\"elementor-element elementor-element-9156da6 e-con-full e-flex e-con e-parent\" data-id=\"9156da6\" data-element_type=\"container\" data-e-type=\"container\" data-settings=\"{&quot;background_background&quot;:&quot;classic&quot;}\">\n\t\t<div class=\"elementor-element elementor-element-15d28a5 e-con-full e-flex e-con e-child\" data-id=\"15d28a5\" data-element_type=\"container\" data-e-type=\"container\">\n\t\t<div class=\"elementor-element elementor-element-785e7bf e-flex e-con-boxed elementor-invisible e-con e-child\" data-id=\"785e7bf\" data-element_type=\"container\" data-e-type=\"container\" data-settings=\"{&quot;animation&quot;:&quot;fadeInUp&quot;}\">\n\t\t\t\t\t<div class=\"e-con-inner\">\n\t\t\t\t<div class=\"elementor-element elementor-element-f9f5f32 elementor-widget elementor-widget-heading\" data-id=\"f9f5f32\" data-element_type=\"widget\" data-e-type=\"widget\" data-widget_type=\"heading.default\">\n\t\t\t\t<div class=\"elementor-widget-container\">\n\t\t\t\t\t<h2 class=\"elementor-heading-title elementor-size-default\">Erikonstruktsiooniga laed<\/h2>\t\t\t\t<\/div>\n\t\t\t\t<\/div>\n\t\t\t\t<div class=\"elementor-element elementor-element-1d9f253 elementor-widget elementor-widget-text-editor\" data-id=\"1d9f253\" data-element_type=\"widget\" data-e-type=\"widget\" data-widget_type=\"text-editor.default\">\n\t\t\t\t<div class=\"elementor-widget-container\">\n\t\t\t\t\t\t\t\t\t<p>PARMET\u00ae toodab erikonstruktsioonidega lagesid vastavalt tellija soovile. Aitame teil luua huvitavaid ning silmatorkavaid sisekujunduse lahendusi.<\/p>\n<p>Teile sobiva lahenduse v\u00e4ljat\u00f6\u00f6tamiseks v\u00f5tke palun meiega \u00fchendust.<\/p>\n\t\t\t\t\t\t\t\t<\/div>\n\t\t\t\t<\/div>\n\t\t\t\t\t<\/div>\n\t\t\t\t<\/div>\n\t\t\t\t<\/div>\n\t\t<div class=\"elementor-element elementor-element-5cf1917 e-con-full e-flex e-con e-child\" data-id=\"5cf1917\" data-element_type=\"container\" data-e-type=\"container\" data-settings=\"{&quot;background_background&quot;:&quot;classic&quot;}\">\n\t\t\t\t<\/div>\n\t\t\t\t<\/div>\n\t\t\t\t<\/div>\n\t\t","protected":false},"excerpt":{"rendered":"<p>P\u00e4ikesekaitse s\u00fcsteemid Laed PARMET\u00ae toodab kvalitseetseid metallist ripplagesid. Meie tootevalikusse kuuluvad paneel-, kassett-, lamell-, v\u00f5rk- ja ka erilahendustega laed. Ripplaes\u00fcsteemid on kogu maailmas levinud k\u00f5rge kasutusmugavuse, pikaealisuse ja funktsionaalsuse poolest. Alumiinimist ripplaed on kerged , lihtsalt paigaldatavad ning tule- ja niiskuskindlad. Metallripplaed sobivad suurep\u00e4raselt kasutamiseks nii sise- kui ka v\u00e4listingimustes. Meie pakutavatel ripplaes\u00fcsteemidel on lai [&hellip;]<\/p>\n","protected":false},"author":1,"featured_media":7046,"parent":4140,"menu_order":0,"comment_status":"closed","ping_status":"closed","template":"","meta":{"_acf_changed":false,"footnotes":""},"class_list":["post-8310","page","type-page","status-publish","has-post-thumbnail","hentry"],"acf":[],"yoast_head":"<!-- This site is optimized with the Yoast SEO plugin v27.3 - https:\/\/yoast.com\/product\/yoast-seo-wordpress\/ -->\n<title>Sun protection systems | Parmet<\/title>\n<meta name=\"robots\" content=\"index, follow, max-snippet:-1, max-image-preview:large, max-video-preview:-1\" \/>\n<link rel=\"canonical\" href=\"https:\/\/parmet.ee\/?page_id=976\" \/>\n<meta property=\"og:locale\" content=\"en_US\" \/>\n<meta property=\"og:type\" content=\"article\" \/>\n<meta property=\"og:title\" content=\"Sun protection systems | Parmet\" \/>\n<meta property=\"og:description\" content=\"P\u00e4ikesekaitse s\u00fcsteemid Laed PARMET\u00ae toodab kvalitseetseid metallist ripplagesid. Meie tootevalikusse kuuluvad paneel-, kassett-, lamell-, v\u00f5rk- ja ka erilahendustega laed. Ripplaes\u00fcsteemid on kogu maailmas levinud k\u00f5rge kasutusmugavuse, pikaealisuse ja funktsionaalsuse poolest. Alumiinimist ripplaed on kerged , lihtsalt paigaldatavad ning tule- ja niiskuskindlad. Metallripplaed sobivad suurep\u00e4raselt kasutamiseks nii sise- kui ka v\u00e4listingimustes. Meie pakutavatel ripplaes\u00fcsteemidel on lai [&hellip;]\" \/>\n<meta property=\"og:url\" content=\"https:\/\/parmet.ee\/?page_id=976\" \/>\n<meta property=\"og:site_name\" content=\"Parmet\" \/>\n<meta property=\"article:publisher\" content=\"https:\/\/www.facebook.com\/profile.php?id=100095251520712\" \/>\n<meta property=\"article:modified_time\" content=\"2024-04-01T06:26:47+00:00\" \/>\n<meta property=\"og:image\" content=\"https:\/\/parmet.ee\/wp-content\/uploads\/2023\/09\/parmet-veskitammi-lasteaed-fassaad-arhitektuurifoto-1.webp\" \/>\n\t<meta property=\"og:image:width\" content=\"2016\" \/>\n\t<meta property=\"og:image:height\" content=\"1512\" \/>\n\t<meta property=\"og:image:type\" content=\"image\/webp\" \/>\n<meta name=\"twitter:card\" content=\"summary_large_image\" \/>\n<meta name=\"twitter:label1\" content=\"Est. reading time\" \/>\n\t<meta name=\"twitter:data1\" content=\"1 minute\" \/>\n<script type=\"application\/ld+json\" class=\"yoast-schema-graph\">{\"@context\":\"https:\\\/\\\/schema.org\",\"@graph\":[{\"@type\":\"WebPage\",\"@id\":\"https:\\\/\\\/parmet.ee\\\/?page_id=976\",\"url\":\"https:\\\/\\\/parmet.ee\\\/?page_id=976\",\"name\":\"Sun protection systems | Parmet\",\"isPartOf\":{\"@id\":\"https:\\\/\\\/parmet.ee\\\/#website\"},\"primaryImageOfPage\":{\"@id\":\"https:\\\/\\\/parmet.ee\\\/?page_id=976#primaryimage\"},\"image\":{\"@id\":\"https:\\\/\\\/parmet.ee\\\/?page_id=976#primaryimage\"},\"thumbnailUrl\":\"https:\\\/\\\/parmet.ee\\\/wp-content\\\/uploads\\\/2023\\\/09\\\/parmet-veskitammi-lasteaed-fassaad-arhitektuurifoto-1.webp\",\"datePublished\":\"2023-08-03T10:32:25+00:00\",\"dateModified\":\"2024-04-01T06:26:47+00:00\",\"breadcrumb\":{\"@id\":\"https:\\\/\\\/parmet.ee\\\/?page_id=976#breadcrumb\"},\"inLanguage\":\"en-US\",\"potentialAction\":[{\"@type\":\"ReadAction\",\"target\":[\"https:\\\/\\\/parmet.ee\\\/?page_id=976\"]}]},{\"@type\":\"ImageObject\",\"inLanguage\":\"en-US\",\"@id\":\"https:\\\/\\\/parmet.ee\\\/?page_id=976#primaryimage\",\"url\":\"https:\\\/\\\/parmet.ee\\\/wp-content\\\/uploads\\\/2023\\\/09\\\/parmet-veskitammi-lasteaed-fassaad-arhitektuurifoto-1.webp\",\"contentUrl\":\"https:\\\/\\\/parmet.ee\\\/wp-content\\\/uploads\\\/2023\\\/09\\\/parmet-veskitammi-lasteaed-fassaad-arhitektuurifoto-1.webp\",\"width\":2016,\"height\":1512,\"caption\":\"Parmet Veskitammi Lasteaed fassaad arhitektuurifoto\"},{\"@type\":\"BreadcrumbList\",\"@id\":\"https:\\\/\\\/parmet.ee\\\/?page_id=976#breadcrumb\",\"itemListElement\":[{\"@type\":\"ListItem\",\"position\":1,\"name\":\"Home\",\"item\":\"https:\\\/\\\/parmet.ee\\\/en\\\/\"},{\"@type\":\"ListItem\",\"position\":2,\"name\":\"Products\",\"item\":\"https:\\\/\\\/parmet.ee\\\/en\\\/products\\\/\"},{\"@type\":\"ListItem\",\"position\":3,\"name\":\"Sun protection systems\"}]},{\"@type\":\"WebSite\",\"@id\":\"https:\\\/\\\/parmet.ee\\\/#website\",\"url\":\"https:\\\/\\\/parmet.ee\\\/\",\"name\":\"Parmet inspireerivad arhitektuurilahendused I parmet.ee\",\"description\":\"AS Parmet\",\"publisher\":{\"@id\":\"https:\\\/\\\/parmet.ee\\\/#organization\"},\"alternateName\":\"Parmet\",\"potentialAction\":[{\"@type\":\"SearchAction\",\"target\":{\"@type\":\"EntryPoint\",\"urlTemplate\":\"https:\\\/\\\/parmet.ee\\\/?s={search_term_string}\"},\"query-input\":{\"@type\":\"PropertyValueSpecification\",\"valueRequired\":true,\"valueName\":\"search_term_string\"}}],\"inLanguage\":\"en-US\"},{\"@type\":\"Organization\",\"@id\":\"https:\\\/\\\/parmet.ee\\\/#organization\",\"name\":\"AS Parmet\",\"alternateName\":\"Parmet\",\"url\":\"https:\\\/\\\/parmet.ee\\\/\",\"logo\":{\"@type\":\"ImageObject\",\"inLanguage\":\"en-US\",\"@id\":\"https:\\\/\\\/parmet.ee\\\/#\\\/schema\\\/logo\\\/image\\\/\",\"url\":\"https:\\\/\\\/parmet.ee\\\/wp-content\\\/uploads\\\/2023\\\/07\\\/logo.svg\",\"contentUrl\":\"https:\\\/\\\/parmet.ee\\\/wp-content\\\/uploads\\\/2023\\\/07\\\/logo.svg\",\"width\":123,\"height\":24,\"caption\":\"AS Parmet\"},\"image\":{\"@id\":\"https:\\\/\\\/parmet.ee\\\/#\\\/schema\\\/logo\\\/image\\\/\"},\"sameAs\":[\"https:\\\/\\\/www.facebook.com\\\/profile.php?id=100095251520712\"]}]}<\/script>\n<!-- \/ Yoast SEO plugin. -->","yoast_head_json":{"title":"Sun protection systems | Parmet","robots":{"index":"index","follow":"follow","max-snippet":"max-snippet:-1","max-image-preview":"max-image-preview:large","max-video-preview":"max-video-preview:-1"},"canonical":"https:\/\/parmet.ee\/?page_id=976","og_locale":"en_US","og_type":"article","og_title":"Sun protection systems | Parmet","og_description":"P\u00e4ikesekaitse s\u00fcsteemid Laed PARMET\u00ae toodab kvalitseetseid metallist ripplagesid. Meie tootevalikusse kuuluvad paneel-, kassett-, lamell-, v\u00f5rk- ja ka erilahendustega laed. Ripplaes\u00fcsteemid on kogu maailmas levinud k\u00f5rge kasutusmugavuse, pikaealisuse ja funktsionaalsuse poolest. Alumiinimist ripplaed on kerged , lihtsalt paigaldatavad ning tule- ja niiskuskindlad. Metallripplaed sobivad suurep\u00e4raselt kasutamiseks nii sise- kui ka v\u00e4listingimustes. Meie pakutavatel ripplaes\u00fcsteemidel on lai [&hellip;]","og_url":"https:\/\/parmet.ee\/?page_id=976","og_site_name":"Parmet","article_publisher":"https:\/\/www.facebook.com\/profile.php?id=100095251520712","article_modified_time":"2024-04-01T06:26:47+00:00","og_image":[{"width":2016,"height":1512,"url":"https:\/\/parmet.ee\/wp-content\/uploads\/2023\/09\/parmet-veskitammi-lasteaed-fassaad-arhitektuurifoto-1.webp","type":"image\/webp"}],"twitter_card":"summary_large_image","twitter_misc":{"Est. reading time":"1 minute"},"schema":{"@context":"https:\/\/schema.org","@graph":[{"@type":"WebPage","@id":"https:\/\/parmet.ee\/?page_id=976","url":"https:\/\/parmet.ee\/?page_id=976","name":"Sun protection systems | Parmet","isPartOf":{"@id":"https:\/\/parmet.ee\/#website"},"primaryImageOfPage":{"@id":"https:\/\/parmet.ee\/?page_id=976#primaryimage"},"image":{"@id":"https:\/\/parmet.ee\/?page_id=976#primaryimage"},"thumbnailUrl":"https:\/\/parmet.ee\/wp-content\/uploads\/2023\/09\/parmet-veskitammi-lasteaed-fassaad-arhitektuurifoto-1.webp","datePublished":"2023-08-03T10:32:25+00:00","dateModified":"2024-04-01T06:26:47+00:00","breadcrumb":{"@id":"https:\/\/parmet.ee\/?page_id=976#breadcrumb"},"inLanguage":"en-US","potentialAction":[{"@type":"ReadAction","target":["https:\/\/parmet.ee\/?page_id=976"]}]},{"@type":"ImageObject","inLanguage":"en-US","@id":"https:\/\/parmet.ee\/?page_id=976#primaryimage","url":"https:\/\/parmet.ee\/wp-content\/uploads\/2023\/09\/parmet-veskitammi-lasteaed-fassaad-arhitektuurifoto-1.webp","contentUrl":"https:\/\/parmet.ee\/wp-content\/uploads\/2023\/09\/parmet-veskitammi-lasteaed-fassaad-arhitektuurifoto-1.webp","width":2016,"height":1512,"caption":"Parmet Veskitammi Lasteaed fassaad arhitektuurifoto"},{"@type":"BreadcrumbList","@id":"https:\/\/parmet.ee\/?page_id=976#breadcrumb","itemListElement":[{"@type":"ListItem","position":1,"name":"Home","item":"https:\/\/parmet.ee\/en\/"},{"@type":"ListItem","position":2,"name":"Products","item":"https:\/\/parmet.ee\/en\/products\/"},{"@type":"ListItem","position":3,"name":"Sun protection systems"}]},{"@type":"WebSite","@id":"https:\/\/parmet.ee\/#website","url":"https:\/\/parmet.ee\/","name":"Parmet inspireerivad arhitektuurilahendused I parmet.ee","description":"AS Parmet","publisher":{"@id":"https:\/\/parmet.ee\/#organization"},"alternateName":"Parmet","potentialAction":[{"@type":"SearchAction","target":{"@type":"EntryPoint","urlTemplate":"https:\/\/parmet.ee\/?s={search_term_string}"},"query-input":{"@type":"PropertyValueSpecification","valueRequired":true,"valueName":"search_term_string"}}],"inLanguage":"en-US"},{"@type":"Organization","@id":"https:\/\/parmet.ee\/#organization","name":"AS Parmet","alternateName":"Parmet","url":"https:\/\/parmet.ee\/","logo":{"@type":"ImageObject","inLanguage":"en-US","@id":"https:\/\/parmet.ee\/#\/schema\/logo\/image\/","url":"https:\/\/parmet.ee\/wp-content\/uploads\/2023\/07\/logo.svg","contentUrl":"https:\/\/parmet.ee\/wp-content\/uploads\/2023\/07\/logo.svg","width":123,"height":24,"caption":"AS Parmet"},"image":{"@id":"https:\/\/parmet.ee\/#\/schema\/logo\/image\/"},"sameAs":["https:\/\/www.facebook.com\/profile.php?id=100095251520712"]}]}},"_links":{"self":[{"href":"https:\/\/parmet.ee\/en\/wp-json\/wp\/v2\/pages\/8310","targetHints":{"allow":["GET"]}}],"collection":[{"href":"https:\/\/parmet.ee\/en\/wp-json\/wp\/v2\/pages"}],"about":[{"href":"https:\/\/parmet.ee\/en\/wp-json\/wp\/v2\/types\/page"}],"author":[{"embeddable":true,"href":"https:\/\/parmet.ee\/en\/wp-json\/wp\/v2\/users\/1"}],"replies":[{"embeddable":true,"href":"https:\/\/parmet.ee\/en\/wp-json\/wp\/v2\/comments?post=8310"}],"version-history":[{"count":13,"href":"https:\/\/parmet.ee\/en\/wp-json\/wp\/v2\/pages\/8310\/revisions"}],"predecessor-version":[{"id":10248,"href":"https:\/\/parmet.ee\/en\/wp-json\/wp\/v2\/pages\/8310\/revisions\/10248"}],"up":[{"embeddable":true,"href":"https:\/\/parmet.ee\/en\/wp-json\/wp\/v2\/pages\/4140"}],"wp:featuredmedia":[{"embeddable":true,"href":"https:\/\/parmet.ee\/en\/wp-json\/wp\/v2\/media\/7046"}],"wp:attachment":[{"href":"https:\/\/parmet.ee\/en\/wp-json\/wp\/v2\/media?parent=8310"}],"curies":[{"name":"wp","href":"https:\/\/api.w.org\/{rel}","templated":true}]}}